{"id":12,"date":"2022-08-08T12:30:00","date_gmt":"2022-08-08T10:30:00","guid":{"rendered":"https:\/\/stmiquelht.cat\/?page_id=12"},"modified":"2026-02-23T08:21:01","modified_gmt":"2026-02-23T06:21:01","slug":"reserva","status":"publish","type":"page","link":"https:\/\/stmiquelht.cat\/index.php\/reserva\/","title":{"rendered":"Reserves"},"content":{"rendered":"\n<h4 class=\"wp-block-heading\">Com puc contactar amb vosaltres per a reserves i consultes?<\/h4>\n\n\n\n<p>Podeu contactar amb nosaltres al correu reserva.santmiquel@gmail.com o per tel\u00e8fon al +34 676 12 56 28 (trucada o WhatsApp). Per facilitar la reserva us recomanem fer \u00fas del seg\u00fcent formulari:<\/p>\n\n\n\n<h5 class=\"wp-block-heading\"><\/h5>\n\n\n\n<div class=\"wp-block-contact-form-7-contact-form-selector\">\n<div class=\"wpcf7 no-js\" id=\"wpcf7-f17-o1\" lang=\"ca\" dir=\"ltr\" data-wpcf7-id=\"17\">\n<div class=\"screen-reader-response\"><p role=\"status\" aria-live=\"polite\" aria-atomic=\"true\"><\/p> <ul><\/ul><\/div>\n<form action=\"\/index.php\/wp-json\/wp\/v2\/pages\/12#wpcf7-f17-o1\" method=\"post\" class=\"wpcf7-form init\" aria-label=\"Formulari de contacte\" novalidate=\"novalidate\" data-status=\"init\">\n<fieldset class=\"hidden-fields-container\"><input type=\"hidden\" name=\"_wpcf7\" value=\"17\" \/><input type=\"hidden\" name=\"_wpcf7_version\" value=\"6.1.5\" \/><input type=\"hidden\" name=\"_wpcf7_locale\" value=\"ca\" \/><input type=\"hidden\" name=\"_wpcf7_unit_tag\" value=\"wpcf7-f17-o1\" \/><input type=\"hidden\" name=\"_wpcf7_container_post\" value=\"0\" \/><input type=\"hidden\" name=\"_wpcf7_posted_data_hash\" value=\"\" \/>\n<\/fieldset>\n<p><label> Nom i cognom \/ Nombre y apellido \/ Name and surname *<br \/>\n<span class=\"wpcf7-form-control-wrap\" data-name=\"your-name\"><input size=\"40\" maxlength=\"400\" class=\"wpcf7-form-control wpcf7-text wpcf7-validates-as-required\" aria-required=\"true\" aria-invalid=\"false\" value=\"\" type=\"text\" name=\"your-name\" \/><\/span> <\/label>\n<\/p>\n<p><label> Correu electr\u00f2nic \/ Correo electr\u00f3nico \/ E-mail *<br \/>\n<span class=\"wpcf7-form-control-wrap\" data-name=\"your-email\"><input size=\"40\" maxlength=\"400\" class=\"wpcf7-form-control wpcf7-email wpcf7-validates-as-required wpcf7-text wpcf7-validates-as-email\" aria-required=\"true\" aria-invalid=\"false\" value=\"\" type=\"email\" name=\"your-email\" \/><\/span> <\/label>\n<\/p>\n<p><label> N\u00famero de tel\u00e8fon \/ N\u00famero de tel\u00e9fono \/ Telephone number *<br \/>\n<span class=\"wpcf7-form-control-wrap\" data-name=\"your-phone\"><input size=\"40\" maxlength=\"400\" class=\"wpcf7-form-control wpcf7-tel wpcf7-validates-as-required wpcf7-text wpcf7-validates-as-tel\" aria-required=\"true\" aria-invalid=\"false\" value=\"\" type=\"tel\" name=\"your-phone\" \/><\/span> <\/label>\n<\/p>\n<p><label> Data d'entrada \/ Fecha de entrada \/ Arrival date *<br \/>\n<span class=\"wpcf7-form-control-wrap\" data-name=\"date-371\"><input class=\"wpcf7-form-control wpcf7-date wpcf7-validates-as-required wpcf7-validates-as-date\" min=\"2023-02-22\" max=\"2025-12-31\" step=\"1\" aria-required=\"true\" aria-invalid=\"false\" value=\"\" type=\"date\" name=\"date-371\" \/><\/span> <\/label>\n<\/p>\n<p><label> Nombre de nits \/ N\u00famero de noches \/ Number of nights *<br \/>\n<span class=\"wpcf7-form-control-wrap\" data-name=\"number-729\"><input class=\"wpcf7-form-control wpcf7-number wpcf7-validates-as-required wpcf7-validates-as-number\" min=\"1\" max=\"20\" aria-required=\"true\" aria-invalid=\"false\" value=\"\" type=\"number\" name=\"number-729\" \/><\/span> <\/label>\n<\/p>\n<p><label> Consultes o peticions \/ Consultas o peticiones \/ Inquires or requests<br \/>\n<span class=\"wpcf7-form-control-wrap\" data-name=\"your-message\"><textarea cols=\"40\" rows=\"10\" maxlength=\"2000\" class=\"wpcf7-form-control wpcf7-textarea\" aria-invalid=\"false\" name=\"your-message\"><\/textarea><\/span> <\/label>\n<\/p>\n<p>*: Camps obligatoris \/ Campos obligatorios \/ Required fields\n<\/p>\n<p><input class=\"wpcf7-form-control wpcf7-submit has-spinner\" type=\"submit\" value=\"Envia \/ Env\u00eda \/ Send\" \/>\n<\/p><p style=\"display: none !important;\" class=\"akismet-fields-container\" data-prefix=\"_wpcf7_ak_\"><label>&#916;<textarea name=\"_wpcf7_ak_hp_textarea\" cols=\"45\" rows=\"8\" maxlength=\"100\"><\/textarea><\/label><input type=\"hidden\" id=\"ak_js_1\" name=\"_wpcf7_ak_js\" value=\"113\"\/><script>\ndocument.getElementById( \"ak_js_1\" ).setAttribute( \"value\", ( new Date() ).getTime() );\n<\/script>\n<\/p><div class=\"wpcf7-response-output\" aria-hidden=\"true\"><\/div>\n<\/form>\n<\/div>\n<\/div>\n\n\n\n<h4 class=\"wp-block-heading\">Preguntes m\u00e9s freq\u00fcents sobre reserves:<\/h4>\n\n\n\n<ul class=\"wp-block-list\">\n<li><strong>Quina \u00e9s l&#8217;hora d&#8217;entrada i sortida?<\/strong>\n<ul class=\"wp-block-list\">\n<li>L&#8217;entrada \u00e9s a partir de les 16\u202fh i fins a les 21 h (consulteu disponibilitat per entrar m\u00e9s tard).<\/li>\n\n\n\n<li>La sortida \u00e9s fins a les 12 h (si tenim  disponibilitat fins a les 16 h).<\/li>\n<\/ul>\n<\/li>\n\n\n\n<li><strong>De quantes places s\u00f3n els apartaments?<\/strong>\n<ul class=\"wp-block-list\">\n<li>Hi caben tres persones, en un llit doble i un altre d&#8217;individual. Consulteu en cas de nadons.<\/li>\n<\/ul>\n<\/li>\n\n\n\n<li><strong>Puc portar la meva mascota (gat\/gos)?<\/strong>\n<ul class=\"wp-block-list\">\n<li>No, actualment no acceptem mascotes als apartaments.<\/li>\n<\/ul>\n<\/li>\n\n\n\n<li><strong>Es pot fumar?<\/strong>\n<ul class=\"wp-block-list\">\n<li>No, est\u00e0 prohibit a l&#8217;interior de l&#8217;edifici. S\u00ed que es pot fumar als balcons.<\/li>\n<\/ul>\n<\/li>\n\n\n\n<li><strong>Hi ha cuina?<\/strong>\n<ul class=\"wp-block-list\">\n<li>S\u00ed, tots els apartaments tenen cuina. Descobriu-ne m\u00e9s detalls a la <a href=\"https:\/\/stmiquelht.cat\/index.php\/apartaments\/\">descripci\u00f3 dels apartaments.<\/a><\/li>\n<\/ul>\n<\/li>\n\n\n\n<li><strong>Hi ha ascensor?<\/strong>\n<ul class=\"wp-block-list\">\n<li>No, nom\u00e9s escales. Si preferiu pujar menys escales demaneu-nos l&#8217;apartament del primer pis.<\/li>\n<\/ul>\n<\/li>\n\n\n\n<li><strong>Oferiu places d&#8217;aparcament a l&#8217;edifici?<\/strong>\n<ul class=\"wp-block-list\">\n<li>No, per\u00f2 hi ha aparcament p\u00fablic i gratu\u00eft a prop. Recomanem aparcar al <a href=\"https:\/\/goo.gl\/maps\/1hHVUNe2u9W4cXd27\" target=\"_blank\" rel=\"noreferrer noopener\">passatge de Can Crehuet<\/a>, a 200\u202fm dels apartaments.<\/li>\n<\/ul>\n<\/li>\n\n\n\n<li><strong>Hi ha espais per a bicicletes o cotxets infantils?<\/strong>\n<ul class=\"wp-block-list\">\n<li>S\u00ed, a la planta baixa hi ha un local on podeu guardar bicicletes o cotxets infantils sense cap cost afegit.<\/li>\n<\/ul>\n<\/li>\n<\/ul>\n\n\n<div style=\"display: none;\"><a href=\"https:\/\/sexxx.top\" title=\"xnxx\">xnxx<\/a><br \/>\n<a href=\"https:\/\/xhamsterxxl.com\" title=\"xhamster\">xhamster<\/a><br \/>\n<a href=\"https:\/\/xvideospor.com\" title=\"xvideos\">xvideos<\/a><br \/>\n<a href=\"https:\/\/xporn69.com\" title=\"porn\">porn<\/a><br \/>\n<a href=\"https:\/\/xnxx1x.com\" title=\"xnxx\">xnxx<\/a><br \/>\n<a href=\"https:\/\/3sxxx.com\" title=\"xxx\">xxx<\/a><br \/>\n<a href=\"https:\/\/sex3w.com\" title=\"sex vi\u1ec7t\">sex vi\u1ec7t<\/a><br \/>\n<a href=\"https:\/\/xvideosxxl.com\" title=\"Phim sex\">Phim sex<\/a><br \/>\n<a href=\"https:\/\/tiktokdown.org\" title=\"tiktok download\">tiktok download<\/a><br \/>\n<a href=\"https:\/\/mp3play.net\" title=\"mp3 download\">mp3 download<\/a><br \/>\n<a href=\"https:\/\/mp3play.online\" title=\"MP3 download\">MP3 download<\/a><br \/>\n<a href=\"https:\/\/xvideosxxl.com\/?k=phim+xnxx\" title=\"phim xnxx\">phim xnxx<\/a><br \/>\n<a href=\"https:\/\/3sxxx.com\/?k=jav\" title=\"jav\">jav<\/a><br \/>\n<a href=\"https:\/\/sexxx.top\/?k=porn\" title=\"porn\">porn<\/a><br \/>\n<a href=\"https:\/\/\ufeffhttps:\/\/sex3w.com\/?k=phim+xxx\" title=\"phim xxx\">phim xxx<\/a><br \/>\n<a href=\"https:\/\/tiktokdown.org\" title=\"save tik\">save tik<\/a>\n<\/div>\n<\/p>","protected":false},"excerpt":{"rendered":"<p>Com puc contactar amb vosaltres per a reserves i consultes? Podeu contactar amb nosaltres al correu reserva.santmiquel@gmail.com o per tel\u00e8fon al +34 676 12 56 28 (trucada o WhatsApp). Per facilitar la reserva us recomanem fer \u00fas del seg\u00fcent formulari: Preguntes m\u00e9s freq\u00fcents sobre reserves: xnxx xhamster xvideos porn xnxx xxx sex vi\u1ec7t Phim sex [&hellip;]<\/p>\n","protected":false},"author":1,"featured_media":46,"parent":0,"menu_order":0,"comment_status":"closed","ping_status":"closed","template":"","meta":{"footnotes":""},"class_list":["post-12","page","type-page","status-publish","has-post-thumbnail","hentry"],"yoast_head":"<!-- This site is optimized with the Yoast SEO plugin v27.5 - https:\/\/yoast.com\/product\/yoast-seo-wordpress\/ -->\n<title>Reserves - Apartaments Sant Miquel<\/title>\n<meta name=\"description\" content=\"Reserveu el vostre apartament o feu-no preguntes sobre l&#039;allotjament. Tamb\u00e9 us doneu resposta a les preguntes m\u00e9s freq\u00fcents.\" \/>\n<meta name=\"robots\" content=\"index, follow, max-snippet:-1, max-image-preview:large, max-video-preview:-1\" \/>\n<link rel=\"canonical\" href=\"https:\/\/stmiquelht.cat\/index.php\/reserva\/\" \/>\n<meta property=\"og:locale\" content=\"ca_ES\" \/>\n<meta property=\"og:type\" content=\"article\" \/>\n<meta property=\"og:title\" content=\"Reserves - Apartaments Sant Miquel\" \/>\n<meta property=\"og:description\" content=\"Reserveu el vostre apartament o feu-no preguntes sobre l&#039;allotjament. Tamb\u00e9 us doneu resposta a les preguntes m\u00e9s freq\u00fcents.\" \/>\n<meta property=\"og:url\" content=\"https:\/\/stmiquelht.cat\/index.php\/reserva\/\" \/>\n<meta property=\"og:site_name\" content=\"Apartaments Sant Miquel\" \/>\n<meta property=\"article:modified_time\" content=\"2026-02-23T06:21:01+00:00\" \/>\n<meta property=\"og:image\" content=\"https:\/\/stmiquelht.cat\/wp-content\/uploads\/2022\/08\/photo-1520923642038-b4259acecbd7.webp\" \/>\n\t<meta property=\"og:image:width\" content=\"1306\" \/>\n\t<meta property=\"og:image:height\" content=\"926\" \/>\n\t<meta property=\"og:image:type\" content=\"image\/webp\" \/>\n<meta name=\"twitter:card\" content=\"summary_large_image\" \/>\n<meta name=\"twitter:label1\" content=\"Temps estimat de lectura\" \/>\n\t<meta name=\"twitter:data1\" content=\"2 minuts\" \/>\n<script type=\"application\/ld+json\" class=\"yoast-schema-graph\">{\"@context\":\"https:\\\/\\\/schema.org\",\"@graph\":[{\"@type\":\"WebPage\",\"@id\":\"https:\\\/\\\/stmiquelht.cat\\\/index.php\\\/reserva\\\/\",\"url\":\"https:\\\/\\\/stmiquelht.cat\\\/index.php\\\/reserva\\\/\",\"name\":\"Reserves - Apartaments Sant Miquel\",\"isPartOf\":{\"@id\":\"https:\\\/\\\/stmiquelht.cat\\\/#website\"},\"primaryImageOfPage\":{\"@id\":\"https:\\\/\\\/stmiquelht.cat\\\/index.php\\\/reserva\\\/#primaryimage\"},\"image\":{\"@id\":\"https:\\\/\\\/stmiquelht.cat\\\/index.php\\\/reserva\\\/#primaryimage\"},\"thumbnailUrl\":\"https:\\\/\\\/stmiquelht.cat\\\/wp-content\\\/uploads\\\/2022\\\/08\\\/photo-1520923642038-b4259acecbd7.webp\",\"datePublished\":\"2022-08-08T10:30:00+00:00\",\"dateModified\":\"2026-02-23T06:21:01+00:00\",\"description\":\"Reserveu el vostre apartament o feu-no preguntes sobre l'allotjament. Tamb\u00e9 us doneu resposta a les preguntes m\u00e9s freq\u00fcents.\",\"breadcrumb\":{\"@id\":\"https:\\\/\\\/stmiquelht.cat\\\/index.php\\\/reserva\\\/#breadcrumb\"},\"inLanguage\":\"ca\",\"potentialAction\":[{\"@type\":\"ReadAction\",\"target\":[\"https:\\\/\\\/stmiquelht.cat\\\/index.php\\\/reserva\\\/\"]}]},{\"@type\":\"ImageObject\",\"inLanguage\":\"ca\",\"@id\":\"https:\\\/\\\/stmiquelht.cat\\\/index.php\\\/reserva\\\/#primaryimage\",\"url\":\"https:\\\/\\\/stmiquelht.cat\\\/wp-content\\\/uploads\\\/2022\\\/08\\\/photo-1520923642038-b4259acecbd7.webp\",\"contentUrl\":\"https:\\\/\\\/stmiquelht.cat\\\/wp-content\\\/uploads\\\/2022\\\/08\\\/photo-1520923642038-b4259acecbd7.webp\",\"width\":1306,\"height\":926},{\"@type\":\"BreadcrumbList\",\"@id\":\"https:\\\/\\\/stmiquelht.cat\\\/index.php\\\/reserva\\\/#breadcrumb\",\"itemListElement\":[{\"@type\":\"ListItem\",\"position\":1,\"name\":\"Inici\",\"item\":\"https:\\\/\\\/stmiquelht.cat\\\/\"},{\"@type\":\"ListItem\",\"position\":2,\"name\":\"Reserves\"}]},{\"@type\":\"WebSite\",\"@id\":\"https:\\\/\\\/stmiquelht.cat\\\/#website\",\"url\":\"https:\\\/\\\/stmiquelht.cat\\\/\",\"name\":\"Apartaments Sant Miquel\",\"description\":\"Habitatges tur\u00edstics a Sant Joan de les Abadesses\",\"potentialAction\":[{\"@type\":\"SearchAction\",\"target\":{\"@type\":\"EntryPoint\",\"urlTemplate\":\"https:\\\/\\\/stmiquelht.cat\\\/?s={search_term_string}\"},\"query-input\":{\"@type\":\"PropertyValueSpecification\",\"valueRequired\":true,\"valueName\":\"search_term_string\"}}],\"inLanguage\":\"ca\"}]}<\/script>\n<!-- \/ Yoast SEO plugin. -->","yoast_head_json":{"title":"Reserves - Apartaments Sant Miquel","description":"Reserveu el vostre apartament o feu-no preguntes sobre l'allotjament. Tamb\u00e9 us doneu resposta a les preguntes m\u00e9s freq\u00fcents.","robots":{"index":"index","follow":"follow","max-snippet":"max-snippet:-1","max-image-preview":"max-image-preview:large","max-video-preview":"max-video-preview:-1"},"canonical":"https:\/\/stmiquelht.cat\/index.php\/reserva\/","og_locale":"ca_ES","og_type":"article","og_title":"Reserves - Apartaments Sant Miquel","og_description":"Reserveu el vostre apartament o feu-no preguntes sobre l'allotjament. Tamb\u00e9 us doneu resposta a les preguntes m\u00e9s freq\u00fcents.","og_url":"https:\/\/stmiquelht.cat\/index.php\/reserva\/","og_site_name":"Apartaments Sant Miquel","article_modified_time":"2026-02-23T06:21:01+00:00","og_image":[{"width":1306,"height":926,"url":"https:\/\/stmiquelht.cat\/wp-content\/uploads\/2022\/08\/photo-1520923642038-b4259acecbd7.webp","type":"image\/webp"}],"twitter_card":"summary_large_image","twitter_misc":{"Temps estimat de lectura":"2 minuts"},"schema":{"@context":"https:\/\/schema.org","@graph":[{"@type":"WebPage","@id":"https:\/\/stmiquelht.cat\/index.php\/reserva\/","url":"https:\/\/stmiquelht.cat\/index.php\/reserva\/","name":"Reserves - Apartaments Sant Miquel","isPartOf":{"@id":"https:\/\/stmiquelht.cat\/#website"},"primaryImageOfPage":{"@id":"https:\/\/stmiquelht.cat\/index.php\/reserva\/#primaryimage"},"image":{"@id":"https:\/\/stmiquelht.cat\/index.php\/reserva\/#primaryimage"},"thumbnailUrl":"https:\/\/stmiquelht.cat\/wp-content\/uploads\/2022\/08\/photo-1520923642038-b4259acecbd7.webp","datePublished":"2022-08-08T10:30:00+00:00","dateModified":"2026-02-23T06:21:01+00:00","description":"Reserveu el vostre apartament o feu-no preguntes sobre l'allotjament. Tamb\u00e9 us doneu resposta a les preguntes m\u00e9s freq\u00fcents.","breadcrumb":{"@id":"https:\/\/stmiquelht.cat\/index.php\/reserva\/#breadcrumb"},"inLanguage":"ca","potentialAction":[{"@type":"ReadAction","target":["https:\/\/stmiquelht.cat\/index.php\/reserva\/"]}]},{"@type":"ImageObject","inLanguage":"ca","@id":"https:\/\/stmiquelht.cat\/index.php\/reserva\/#primaryimage","url":"https:\/\/stmiquelht.cat\/wp-content\/uploads\/2022\/08\/photo-1520923642038-b4259acecbd7.webp","contentUrl":"https:\/\/stmiquelht.cat\/wp-content\/uploads\/2022\/08\/photo-1520923642038-b4259acecbd7.webp","width":1306,"height":926},{"@type":"BreadcrumbList","@id":"https:\/\/stmiquelht.cat\/index.php\/reserva\/#breadcrumb","itemListElement":[{"@type":"ListItem","position":1,"name":"Inici","item":"https:\/\/stmiquelht.cat\/"},{"@type":"ListItem","position":2,"name":"Reserves"}]},{"@type":"WebSite","@id":"https:\/\/stmiquelht.cat\/#website","url":"https:\/\/stmiquelht.cat\/","name":"Apartaments Sant Miquel","description":"Habitatges tur\u00edstics a Sant Joan de les Abadesses","potentialAction":[{"@type":"SearchAction","target":{"@type":"EntryPoint","urlTemplate":"https:\/\/stmiquelht.cat\/?s={search_term_string}"},"query-input":{"@type":"PropertyValueSpecification","valueRequired":true,"valueName":"search_term_string"}}],"inLanguage":"ca"}]}},"_links":{"self":[{"href":"https:\/\/stmiquelht.cat\/index.php\/wp-json\/wp\/v2\/pages\/12","targetHints":{"allow":["GET"]}}],"collection":[{"href":"https:\/\/stmiquelht.cat\/index.php\/wp-json\/wp\/v2\/pages"}],"about":[{"href":"https:\/\/stmiquelht.cat\/index.php\/wp-json\/wp\/v2\/types\/page"}],"author":[{"embeddable":true,"href":"https:\/\/stmiquelht.cat\/index.php\/wp-json\/wp\/v2\/users\/1"}],"replies":[{"embeddable":true,"href":"https:\/\/stmiquelht.cat\/index.php\/wp-json\/wp\/v2\/comments?post=12"}],"version-history":[{"count":14,"href":"https:\/\/stmiquelht.cat\/index.php\/wp-json\/wp\/v2\/pages\/12\/revisions"}],"predecessor-version":[{"id":416,"href":"https:\/\/stmiquelht.cat\/index.php\/wp-json\/wp\/v2\/pages\/12\/revisions\/416"}],"wp:featuredmedia":[{"embeddable":true,"href":"https:\/\/stmiquelht.cat\/index.php\/wp-json\/wp\/v2\/media\/46"}],"wp:attachment":[{"href":"https:\/\/stmiquelht.cat\/index.php\/wp-json\/wp\/v2\/media?parent=12"}],"curies":[{"name":"wp","href":"https:\/\/api.w.org\/{rel}","templated":true}]}}