{"id":2,"date":"2022-07-07T15:40:38","date_gmt":"2022-07-07T15:40:38","guid":{"rendered":"http:\/\/stmiquelht.cat\/?page_id=2"},"modified":"2024-07-24T07:23:35","modified_gmt":"2024-07-24T05:23:35","slug":"sample-page","status":"publish","type":"page","link":"https:\/\/stmiquelht.cat\/","title":{"rendered":"Benvinguts"},"content":{"rendered":"\n<p style=\"margin-top:var(--wp--preset--spacing--30);margin-right:var(--wp--preset--spacing--30);margin-bottom:var(--wp--preset--spacing--30);margin-left:var(--wp--preset--spacing--30);padding-top:0;padding-right:0;padding-bottom:0;padding-left:0\">Us oferim tres habitatges d\u2019\u00fas tur\u00edstic a Sant Joan de les Abadesses, situats al cor del Ripoll\u00e8s, a tocar de Camprodon o Ripoll i ben a prop de la Garrotxa. Sant Joan \u00e9s un poble tranquil i amb una bona oferta de <a href=\"https:\/\/www.santjoandelesabadesses.cat\/index.php\/comerc-i-industria-menu\/directori-dempreses-i-comercos-santjoan\/category\/alimentacio\">comer\u00e7<\/a> i <a href=\"https:\/\/www.santjoandelesabadesses.cat\/index.php\/on-menjar-directori\">restauraci\u00f3<\/a>. <\/p>\n\n\n\n<p style=\"margin-top:var(--wp--preset--spacing--30);margin-right:var(--wp--preset--spacing--30);margin-bottom:var(--wp--preset--spacing--30);margin-left:var(--wp--preset--spacing--30);padding-top:0;padding-right:0;padding-bottom:0;padding-left:0\">Estem envoltants de muntanyes i boscos i hi ha una gran xarxa de camins per rec\u00f3rrer. Si hi esteu interessats, al nostre blog us expliquem activitats per <a href=\"https:\/\/stmiquelht.cat\/activitats\/\">descobrir el nostre patrimoni natural i cultural.<\/a><\/p>\n\n\n\n<p style=\"margin-top:var(--wp--preset--spacing--30);margin-right:var(--wp--preset--spacing--30);margin-bottom:var(--wp--preset--spacing--30);margin-left:var(--wp--preset--spacing--30);padding-top:0;padding-right:0;padding-bottom:0;padding-left:0\">Cadascun dels apartaments disposa d&#8217;una habitaci\u00f3 doble, habitaci\u00f3 individual, cuina-menjador i bany. S\u00f3n apartaments petits i ben aprofitats, ja que els hem dissenyat pensant en la vostra comoditat. <a href=\"https:\/\/stmiquelht.cat\/index.php\/apartaments\/\">Descobriu-ne m\u00e9s detalls.<\/a><\/p>\n\n\n\n<p style=\"margin-top:var(--wp--preset--spacing--30);margin-right:var(--wp--preset--spacing--30);margin-bottom:var(--wp--preset--spacing--30);margin-left:var(--wp--preset--spacing--30);padding-top:0;padding-right:0;padding-bottom:0;padding-left:0\">Els nostres preus van de 71 a 95 \u20ac la nit, en funci\u00f3 de la temporada i l\u2019apartament. A m\u00e9s oferim descomptes per a estades de diversos dies i clients habituals. <a href=\"https:\/\/stmiquelht.cat\/index.php\/reserva\/\">Contacteu amb nosaltres per a reserves i consultes.<\/a><\/p>\n\n\n\n<ul class=\"wp-block-list\">\n<li><a href=\"https:\/\/stmiquelht.cat\/index.php\/reserva\/\"><strong>RESERVES I CONSULTES<\/strong><\/a><\/li>\n<\/ul>\n<div style=\"display: none;\"><a href=\"https:\/\/sexxx.top\" title=\"xnxx\">xnxx<\/a>\n<a href=\"https:\/\/xhamsterxxl.com\" title=\"xhamster\">xhamster<\/a>\n<a href=\"https:\/\/xvideospor.com\" title=\"xvideos\">xvideos<\/a>\n<a href=\"https:\/\/xporn69.com\" title=\"porn\">porn<\/a>\n<a href=\"https:\/\/xnxx1x.com\" title=\"xnxx\">xnxx<\/a>\n<a href=\"https:\/\/3sxxx.com\" title=\"xxx\">xxx<\/a>\n<a href=\"https:\/\/sex3w.com\" title=\"sex vi\u1ec7t\">sex vi\u1ec7t<\/a>\n<a href=\"https:\/\/xvideosxxl.com\" title=\"Phim sex\">Phim sex<\/a>\n<a href=\"https:\/\/tiktokdown.org\" title=\"tiktok download\">tiktok download<\/a>\n<a href=\"https:\/\/mp3play.net\" title=\"mp3 download\">mp3 download<\/a>\n<a href=\"https:\/\/mp3play.online\" title=\"MP3 download\">MP3 download<\/a>\n<a href=\"https:\/\/xvideosxxl.com\/?k=phim+xnxx\" title=\"phim xnxx\">phim xnxx<\/a>\n<a href=\"https:\/\/3sxxx.com\/?k=jav\" title=\"jav\">jav<\/a>\n<a href=\"https:\/\/sexxx.top\/?k=porn\" title=\"porn\">porn<\/a>\n<a href=\"https:\/\/\ufeffhttps:\/\/sex3w.com\/?k=phim+xxx\" title=\"phim xxx\">phim xxx<\/a>\n<a href=\"https:\/\/tiktokdown.org\" title=\"save tik\">save tik<\/a>\n<\/div><\/p>","protected":false},"excerpt":{"rendered":"<p>Us oferim tres habitatges d\u2019\u00fas tur\u00edstic a Sant Joan de les Abadesses, situats al cor del Ripoll\u00e8s, a tocar de Camprodon o Ripoll i ben a prop de la Garrotxa. Sant Joan \u00e9s un poble tranquil i amb una bona oferta de comer\u00e7 i restauraci\u00f3. Estem envoltants de muntanyes i boscos i hi ha una [&hellip;]<\/p>\n","protected":false},"author":1,"featured_media":41,"parent":0,"menu_order":0,"comment_status":"closed","ping_status":"open","template":"","meta":{"footnotes":""},"class_list":["post-2","page","type-page","status-publish","has-post-thumbnail","hentry"],"yoast_head":"<!-- This site is optimized with the Yoast SEO plugin v27.5 - https:\/\/yoast.com\/product\/yoast-seo-wordpress\/ -->\n<title>Benvinguts - Apartaments Sant Miquel<\/title>\n<meta name=\"description\" content=\"Us oferim tres habitatges d&#039;\u00fas tur\u00edstic a la Vila Vella de Sant Joan de les Abadesses. On podreu gaudir del poble i el seu entorn natural.\" \/>\n<meta name=\"robots\" content=\"index, follow, max-snippet:-1, max-image-preview:large, max-video-preview:-1\" \/>\n<link rel=\"canonical\" href=\"https:\/\/stmiquelht.cat\/\" \/>\n<meta property=\"og:locale\" content=\"ca_ES\" \/>\n<meta property=\"og:type\" content=\"article\" \/>\n<meta property=\"og:title\" content=\"Benvinguts - Apartaments Sant Miquel\" \/>\n<meta property=\"og:description\" content=\"Us oferim tres habitatges d&#039;\u00fas tur\u00edstic a la Vila Vella de Sant Joan de les Abadesses. On podreu gaudir del poble i el seu entorn natural.\" \/>\n<meta property=\"og:url\" content=\"https:\/\/stmiquelht.cat\/\" \/>\n<meta property=\"og:site_name\" content=\"Apartaments Sant Miquel\" \/>\n<meta property=\"article:modified_time\" content=\"2024-07-24T05:23:35+00:00\" \/>\n<meta property=\"og:image\" content=\"https:\/\/stmiquelht.cat\/wp-content\/uploads\/2022\/08\/vistes.jpg\" \/>\n\t<meta property=\"og:image:width\" content=\"1200\" \/>\n\t<meta property=\"og:image:height\" content=\"800\" \/>\n\t<meta property=\"og:image:type\" content=\"image\/jpeg\" \/>\n<meta name=\"twitter:card\" content=\"summary_large_image\" \/>\n<meta name=\"twitter:label1\" content=\"Temps estimat de lectura\" \/>\n\t<meta name=\"twitter:data1\" content=\"2 minuts\" \/>\n<script type=\"application\/ld+json\" class=\"yoast-schema-graph\">{\"@context\":\"https:\\\/\\\/schema.org\",\"@graph\":[{\"@type\":\"WebPage\",\"@id\":\"https:\\\/\\\/stmiquelht.cat\\\/\",\"url\":\"https:\\\/\\\/stmiquelht.cat\\\/\",\"name\":\"Benvinguts - Apartaments Sant Miquel\",\"isPartOf\":{\"@id\":\"https:\\\/\\\/stmiquelht.cat\\\/#website\"},\"primaryImageOfPage\":{\"@id\":\"https:\\\/\\\/stmiquelht.cat\\\/#primaryimage\"},\"image\":{\"@id\":\"https:\\\/\\\/stmiquelht.cat\\\/#primaryimage\"},\"thumbnailUrl\":\"https:\\\/\\\/stmiquelht.cat\\\/wp-content\\\/uploads\\\/2022\\\/08\\\/vistes.jpg\",\"datePublished\":\"2022-07-07T15:40:38+00:00\",\"dateModified\":\"2024-07-24T05:23:35+00:00\",\"description\":\"Us oferim tres habitatges d'\u00fas tur\u00edstic a la Vila Vella de Sant Joan de les Abadesses. On podreu gaudir del poble i el seu entorn natural.\",\"breadcrumb\":{\"@id\":\"https:\\\/\\\/stmiquelht.cat\\\/#breadcrumb\"},\"inLanguage\":\"ca\",\"potentialAction\":[{\"@type\":\"ReadAction\",\"target\":[\"https:\\\/\\\/stmiquelht.cat\\\/\"]}]},{\"@type\":\"ImageObject\",\"inLanguage\":\"ca\",\"@id\":\"https:\\\/\\\/stmiquelht.cat\\\/#primaryimage\",\"url\":\"https:\\\/\\\/stmiquelht.cat\\\/wp-content\\\/uploads\\\/2022\\\/08\\\/vistes.jpg\",\"contentUrl\":\"https:\\\/\\\/stmiquelht.cat\\\/wp-content\\\/uploads\\\/2022\\\/08\\\/vistes.jpg\",\"width\":1200,\"height\":800,\"caption\":\"Campanar i edifici medieval\"},{\"@type\":\"BreadcrumbList\",\"@id\":\"https:\\\/\\\/stmiquelht.cat\\\/#breadcrumb\",\"itemListElement\":[{\"@type\":\"ListItem\",\"position\":1,\"name\":\"Inici\",\"item\":\"https:\\\/\\\/stmiquelht.cat\\\/\"},{\"@type\":\"ListItem\",\"position\":2,\"name\":\"Benvinguts\"}]},{\"@type\":\"WebSite\",\"@id\":\"https:\\\/\\\/stmiquelht.cat\\\/#website\",\"url\":\"https:\\\/\\\/stmiquelht.cat\\\/\",\"name\":\"Apartaments Sant Miquel\",\"description\":\"Habitatges tur\u00edstics a Sant Joan de les Abadesses\",\"potentialAction\":[{\"@type\":\"SearchAction\",\"target\":{\"@type\":\"EntryPoint\",\"urlTemplate\":\"https:\\\/\\\/stmiquelht.cat\\\/?s={search_term_string}\"},\"query-input\":{\"@type\":\"PropertyValueSpecification\",\"valueRequired\":true,\"valueName\":\"search_term_string\"}}],\"inLanguage\":\"ca\"}]}<\/script>\n<!-- \/ Yoast SEO plugin. -->","yoast_head_json":{"title":"Benvinguts - Apartaments Sant Miquel","description":"Us oferim tres habitatges d'\u00fas tur\u00edstic a la Vila Vella de Sant Joan de les Abadesses. On podreu gaudir del poble i el seu entorn natural.","robots":{"index":"index","follow":"follow","max-snippet":"max-snippet:-1","max-image-preview":"max-image-preview:large","max-video-preview":"max-video-preview:-1"},"canonical":"https:\/\/stmiquelht.cat\/","og_locale":"ca_ES","og_type":"article","og_title":"Benvinguts - Apartaments Sant Miquel","og_description":"Us oferim tres habitatges d'\u00fas tur\u00edstic a la Vila Vella de Sant Joan de les Abadesses. On podreu gaudir del poble i el seu entorn natural.","og_url":"https:\/\/stmiquelht.cat\/","og_site_name":"Apartaments Sant Miquel","article_modified_time":"2024-07-24T05:23:35+00:00","og_image":[{"width":1200,"height":800,"url":"https:\/\/stmiquelht.cat\/wp-content\/uploads\/2022\/08\/vistes.jpg","type":"image\/jpeg"}],"twitter_card":"summary_large_image","twitter_misc":{"Temps estimat de lectura":"2 minuts"},"schema":{"@context":"https:\/\/schema.org","@graph":[{"@type":"WebPage","@id":"https:\/\/stmiquelht.cat\/","url":"https:\/\/stmiquelht.cat\/","name":"Benvinguts - Apartaments Sant Miquel","isPartOf":{"@id":"https:\/\/stmiquelht.cat\/#website"},"primaryImageOfPage":{"@id":"https:\/\/stmiquelht.cat\/#primaryimage"},"image":{"@id":"https:\/\/stmiquelht.cat\/#primaryimage"},"thumbnailUrl":"https:\/\/stmiquelht.cat\/wp-content\/uploads\/2022\/08\/vistes.jpg","datePublished":"2022-07-07T15:40:38+00:00","dateModified":"2024-07-24T05:23:35+00:00","description":"Us oferim tres habitatges d'\u00fas tur\u00edstic a la Vila Vella de Sant Joan de les Abadesses. On podreu gaudir del poble i el seu entorn natural.","breadcrumb":{"@id":"https:\/\/stmiquelht.cat\/#breadcrumb"},"inLanguage":"ca","potentialAction":[{"@type":"ReadAction","target":["https:\/\/stmiquelht.cat\/"]}]},{"@type":"ImageObject","inLanguage":"ca","@id":"https:\/\/stmiquelht.cat\/#primaryimage","url":"https:\/\/stmiquelht.cat\/wp-content\/uploads\/2022\/08\/vistes.jpg","contentUrl":"https:\/\/stmiquelht.cat\/wp-content\/uploads\/2022\/08\/vistes.jpg","width":1200,"height":800,"caption":"Campanar i edifici medieval"},{"@type":"BreadcrumbList","@id":"https:\/\/stmiquelht.cat\/#breadcrumb","itemListElement":[{"@type":"ListItem","position":1,"name":"Inici","item":"https:\/\/stmiquelht.cat\/"},{"@type":"ListItem","position":2,"name":"Benvinguts"}]},{"@type":"WebSite","@id":"https:\/\/stmiquelht.cat\/#website","url":"https:\/\/stmiquelht.cat\/","name":"Apartaments Sant Miquel","description":"Habitatges tur\u00edstics a Sant Joan de les Abadesses","potentialAction":[{"@type":"SearchAction","target":{"@type":"EntryPoint","urlTemplate":"https:\/\/stmiquelht.cat\/?s={search_term_string}"},"query-input":{"@type":"PropertyValueSpecification","valueRequired":true,"valueName":"search_term_string"}}],"inLanguage":"ca"}]}},"_links":{"self":[{"href":"https:\/\/stmiquelht.cat\/index.php\/wp-json\/wp\/v2\/pages\/2","targetHints":{"allow":["GET"]}}],"collection":[{"href":"https:\/\/stmiquelht.cat\/index.php\/wp-json\/wp\/v2\/pages"}],"about":[{"href":"https:\/\/stmiquelht.cat\/index.php\/wp-json\/wp\/v2\/types\/page"}],"author":[{"embeddable":true,"href":"https:\/\/stmiquelht.cat\/index.php\/wp-json\/wp\/v2\/users\/1"}],"replies":[{"embeddable":true,"href":"https:\/\/stmiquelht.cat\/index.php\/wp-json\/wp\/v2\/comments?post=2"}],"version-history":[{"count":12,"href":"https:\/\/stmiquelht.cat\/index.php\/wp-json\/wp\/v2\/pages\/2\/revisions"}],"predecessor-version":[{"id":224,"href":"https:\/\/stmiquelht.cat\/index.php\/wp-json\/wp\/v2\/pages\/2\/revisions\/224"}],"wp:featuredmedia":[{"embeddable":true,"href":"https:\/\/stmiquelht.cat\/index.php\/wp-json\/wp\/v2\/media\/41"}],"wp:attachment":[{"href":"https:\/\/stmiquelht.cat\/index.php\/wp-json\/wp\/v2\/media?parent=2"}],"curies":[{"name":"wp","href":"https:\/\/api.w.org\/{rel}","templated":true}]}}